{"id":40,"date":"2020-03-21T14:15:43","date_gmt":"2020-03-21T13:15:43","guid":{"rendered":"https:\/\/hp-psychotherapie-petra-beule.de\/wp\/?page_id=40"},"modified":"2020-04-11T09:37:50","modified_gmt":"2020-04-11T07:37:50","slug":"angebote","status":"publish","type":"page","link":"https:\/\/hp-psychotherapie-petra-beule.de\/wp\/?page_id=40","title":{"rendered":"Angebote"},"content":{"rendered":"\n<ul class=\"wp-block-list\"><li>schw\u00e4chende und belastende Ursachen zu erkennen und zu ver\u00e4ndern<\/li><li>aufkommende, intensive Gef\u00fchle und Gedanken zuzulassen<\/li><li>\u00a0im Betrachten und Annehmen der Vergangenheit, das \u201eHier und Jetzt\u201c neu anzugehen<\/li><li>herauszufinden was Sie st\u00e4rkt und was Ihnen gut tut<\/li><li>Erkenntnisse zu nutzen, Orientierungen und neue Wege zu suchen und zu gehen.<\/li><\/ul>\n\n\n\n<p><strong>Leben l\u00e4sst sich nur \u201er\u00fcckw\u00e4rts\u201c verstehen,<br>es muss aber \u201evorw\u00e4rts\u201c gelebt werden. <\/strong><\/p>\n\n\n\n<h2 class=\"wp-block-heading\">Behandlungsangebote<\/h2>\n\n\n\n<ul class=\"wp-block-list\"><li>Gespr\u00e4chstherapie nach Rogers<\/li><\/ul>\n\n\n\n<h2 class=\"wp-block-heading\">Verhaltenstherapie<\/h2>\n\n\n\n<ul class=\"wp-block-list\"><li>Lebensberatung in sozialen Konflikten<\/li><li>Beziehungs- und Kommunikationsprobleme<\/li><li>Anpassungs- und Belastungsst\u00f6rungen<\/li><li>Burn-out<\/li><li>Erziehungsfragen, Pr\u00e4vention<\/li><li>Pers\u00f6nlichkeitsentwicklung<\/li><li>Angstzust\u00e4nde und Depression<\/li><li>Psychosomatische Beschwerden<\/li><li>Trauerbegleitung<\/li><\/ul>\n\n\n\n<figure class=\"wp-block-image size-large\"><img loading=\"lazy\" decoding=\"async\" width=\"1024\" height=\"768\" src=\"https:\/\/hp-psychotherapie-petra-beule.de\/wp\/wp-content\/uploads\/2020\/03\/RIMG0112-1024x768.jpg\" alt=\"\" class=\"wp-image-41\" srcset=\"https:\/\/hp-psychotherapie-petra-beule.de\/wp\/wp-content\/uploads\/2020\/03\/RIMG0112-1024x768.jpg 1024w, https:\/\/hp-psychotherapie-petra-beule.de\/wp\/wp-content\/uploads\/2020\/03\/RIMG0112-300x225.jpg 300w, https:\/\/hp-psychotherapie-petra-beule.de\/wp\/wp-content\/uploads\/2020\/03\/RIMG0112-768x576.jpg 768w, https:\/\/hp-psychotherapie-petra-beule.de\/wp\/wp-content\/uploads\/2020\/03\/RIMG0112-1536x1152.jpg 1536w, https:\/\/hp-psychotherapie-petra-beule.de\/wp\/wp-content\/uploads\/2020\/03\/RIMG0112.jpg 2048w\" sizes=\"auto, (max-width: 767px) 89vw, (max-width: 1000px) 54vw, (max-width: 1071px) 543px, 580px\" \/><figcaption>Unicode<\/figcaption><\/figure>\n","protected":false},"excerpt":{"rendered":"<p>schw\u00e4chende und belastende Ursachen zu erkennen und zu ver\u00e4ndern aufkommende, intensive Gef\u00fchle und Gedanken zuzulassen \u00a0im Betrachten und Annehmen der Vergangenheit, das \u201eHier und Jetzt\u201c neu anzugehen herauszufinden was Sie st\u00e4rkt und was Ihnen gut tut Erkenntnisse zu nutzen, Orientierungen und neue Wege zu suchen und zu gehen. Leben l\u00e4sst sich nur \u201er\u00fcckw\u00e4rts\u201c verstehen,es muss &hellip; <\/p>\n<p class=\"link-more\"><a href=\"https:\/\/hp-psychotherapie-petra-beule.de\/wp\/?page_id=40\" class=\"more-link\"><span class=\"screen-reader-text\">\u201eAngebote\u201c <\/span>weiterlesen<\/a><\/p>\n","protected":false},"author":1,"featured_media":0,"parent":0,"menu_order":0,"comment_status":"closed","ping_status":"closed","template":"","meta":{"footnotes":""},"class_list":["post-40","page","type-page","status-publish","hentry"],"_links":{"self":[{"href":"https:\/\/hp-psychotherapie-petra-beule.de\/wp\/index.php?rest_route=\/wp\/v2\/pages\/40","targetHints":{"allow":["GET"]}}],"collection":[{"href":"https:\/\/hp-psychotherapie-petra-beule.de\/wp\/index.php?rest_route=\/wp\/v2\/pages"}],"about":[{"href":"https:\/\/hp-psychotherapie-petra-beule.de\/wp\/index.php?rest_route=\/wp\/v2\/types\/page"}],"author":[{"embeddable":true,"href":"https:\/\/hp-psychotherapie-petra-beule.de\/wp\/index.php?rest_route=\/wp\/v2\/users\/1"}],"replies":[{"embeddable":true,"href":"https:\/\/hp-psychotherapie-petra-beule.de\/wp\/index.php?rest_route=%2Fwp%2Fv2%2Fcomments&post=40"}],"version-history":[{"count":6,"href":"https:\/\/hp-psychotherapie-petra-beule.de\/wp\/index.php?rest_route=\/wp\/v2\/pages\/40\/revisions"}],"predecessor-version":[{"id":243,"href":"https:\/\/hp-psychotherapie-petra-beule.de\/wp\/index.php?rest_route=\/wp\/v2\/pages\/40\/revisions\/243"}],"wp:attachment":[{"href":"https:\/\/hp-psychotherapie-petra-beule.de\/wp\/index.php?rest_route=%2Fwp%2Fv2%2Fmedia&parent=40"}],"curies":[{"name":"wp","href":"https:\/\/api.w.org\/{rel}","templated":true}]}}