{"id":43,"date":"2020-03-21T14:20:15","date_gmt":"2020-03-21T13:20:15","guid":{"rendered":"https:\/\/hp-psychotherapie-petra-beule.de\/wp\/?page_id=43"},"modified":"2026-01-19T09:26:50","modified_gmt":"2026-01-19T08:26:50","slug":"ueber-mich","status":"publish","type":"page","link":"https:\/\/hp-psychotherapie-petra-beule.de\/wp\/?page_id=43","title":{"rendered":"\u00dcber mich"},"content":{"rendered":"\n<p>Petra Beule<br>geb. 1960<br>verheiratet seit 1981<br>vier Kinder ( 37 \/ 32 \/ 26\/ 24 Jahre )<\/p>\n\n\n\n<p>Heilpraktikerin auf dem Gebiet der Psychotherapie gem. HPG<\/p>\n\n\n\n<p>Lebenserfahrung kann man nicht erlesen, nicht auswendig lernen,<br>man kann sie nur selber machen, mit allen Facetten, die das eigene Leben bereit hielt und h\u00e4lt.<\/p>\n\n\n\n<p>Ein ganz wertvoller und dankbarer Teil meines Lebens sind meine Kinder<\/p>\n\n\n\n<ul class=\"wp-block-list\">\n<li> weil sie mir meine pers\u00f6nlichen Grenzen bewusst gemacht haben <\/li>\n\n\n\n<li>weil sie mich immer wieder motivieren weiter zu machen<\/li>\n\n\n\n<li>weil sie mich st\u00e4rken durch das, was sie tun und geworden sind.<\/li>\n<\/ul>\n\n\n\n<p>Meine intensive fast 20-j\u00e4hrige Arbeit in Schulen, meine T\u00e4tigkeit als Sch\u00f6ffin beim Jugendsch\u00f6ffengericht und die psychologische Weiterbildung haben meine \u00dcberzeugung noch verst\u00e4rkt, dass wir selber Vieles zu einem gelingenden Leben beitragen k\u00f6nnen. Je fr\u00fcher wir dieses bewusst angehen, um so gr\u00f6\u00dfer sind die Entwicklungschancen.<\/p>\n","protected":false},"excerpt":{"rendered":"<p>Petra Beulegeb. 1960verheiratet seit 1981vier Kinder ( 37 \/ 32 \/ 26\/ 24 Jahre ) Heilpraktikerin auf dem Gebiet der Psychotherapie gem. HPG Lebenserfahrung kann man nicht erlesen, nicht auswendig lernen,man kann sie nur selber machen, mit allen Facetten, die das eigene Leben bereit hielt und h\u00e4lt. Ein ganz wertvoller und dankbarer Teil meines Lebens &hellip; <\/p>\n<p class=\"link-more\"><a href=\"https:\/\/hp-psychotherapie-petra-beule.de\/wp\/?page_id=43\" class=\"more-link\"><span class=\"screen-reader-text\">\u201e\u00dcber mich\u201c <\/span>weiterlesen<\/a><\/p>\n","protected":false},"author":1,"featured_media":0,"parent":0,"menu_order":0,"comment_status":"closed","ping_status":"closed","template":"","meta":{"footnotes":""},"class_list":["post-43","page","type-page","status-publish","hentry"],"_links":{"self":[{"href":"https:\/\/hp-psychotherapie-petra-beule.de\/wp\/index.php?rest_route=\/wp\/v2\/pages\/43","targetHints":{"allow":["GET"]}}],"collection":[{"href":"https:\/\/hp-psychotherapie-petra-beule.de\/wp\/index.php?rest_route=\/wp\/v2\/pages"}],"about":[{"href":"https:\/\/hp-psychotherapie-petra-beule.de\/wp\/index.php?rest_route=\/wp\/v2\/types\/page"}],"author":[{"embeddable":true,"href":"https:\/\/hp-psychotherapie-petra-beule.de\/wp\/index.php?rest_route=\/wp\/v2\/users\/1"}],"replies":[{"embeddable":true,"href":"https:\/\/hp-psychotherapie-petra-beule.de\/wp\/index.php?rest_route=%2Fwp%2Fv2%2Fcomments&post=43"}],"version-history":[{"count":14,"href":"https:\/\/hp-psychotherapie-petra-beule.de\/wp\/index.php?rest_route=\/wp\/v2\/pages\/43\/revisions"}],"predecessor-version":[{"id":303,"href":"https:\/\/hp-psychotherapie-petra-beule.de\/wp\/index.php?rest_route=\/wp\/v2\/pages\/43\/revisions\/303"}],"wp:attachment":[{"href":"https:\/\/hp-psychotherapie-petra-beule.de\/wp\/index.php?rest_route=%2Fwp%2Fv2%2Fmedia&parent=43"}],"curies":[{"name":"wp","href":"https:\/\/api.w.org\/{rel}","templated":true}]}}