{"id":45,"date":"2020-03-21T14:19:49","date_gmt":"2020-03-21T13:19:49","guid":{"rendered":"https:\/\/hp-psychotherapie-petra-beule.de\/wp\/?page_id=45"},"modified":"2020-04-11T09:41:20","modified_gmt":"2020-04-11T07:41:20","slug":"steine","status":"publish","type":"page","link":"https:\/\/hp-psychotherapie-petra-beule.de\/wp\/?page_id=45","title":{"rendered":"Steine"},"content":{"rendered":"\n<p>Das Leben ist ein Weg<\/p>\n\n\n\n<ul class=\"wp-block-list\"><li>ein Weg mit geraden und steilen Abschnitten<\/li><li>ein Weg, mal leichter mal schwerer zu gehen<\/li><li>ein Weg mit kleinen und gro\u00dfen Stolpersteinen.<\/li><\/ul>\n\n\n\n<p>Manche der Steine liegen schon lange an dieser Stelle, vielleicht schon seit Generationen.<br>Manche werden uns immer mal wieder in den Weg gelegt, manche legen wir selbst.<\/p>\n\n\n\n<p>Um den Weg gehen zu k\u00f6nnen, die Richtung zu finden oder wiederzufinden, ist es oft wichtig zu unterscheiden, welche Steine sinnvoll und zugeh\u00f6rig sind oder welche umgangen werden sollten.<\/p>\n\n\n\n<p>Manche l\u00e4sst man liegen und geht weiter,<br>vor manchen bleibt man stehen, nimmt sie auf, betrachtet sie, <br>manche legt man zur\u00fcck oder an eine andere Stelle. <\/p>\n\n\n\n<p>Schritt f\u00fcr Schritt.<\/p>\n\n\n\n<p>Es gibt aber auch Steine die man sich in den Rucksack gelegt hat oder sich hat hineinlegen lassen. Sicher lasten einige schwer auf den Schultern.<br>Ob wir ein paar davon gemeinsam herausnehmen k\u00f6nnen?<\/p>\n\n\n\n<p>Ob Sie diese dann zur Seite legen oder ihnen einen anderen Platz geben, ob Sie sich von dem ein oder anderen doch nicht trennen und sie wieder in den Rucksack zur\u00fccklegen, das entscheiden Sie allein.<\/p>\n\n\n\n<figure class=\"wp-block-image size-large is-resized\"><img loading=\"lazy\" decoding=\"async\" src=\"https:\/\/hp-psychotherapie-petra-beule.de\/wp\/wp-content\/uploads\/2020\/03\/IMG_0373-845x634.jpg\" alt=\"\" class=\"wp-image-238\" width=\"548\" height=\"411\" srcset=\"https:\/\/hp-psychotherapie-petra-beule.de\/wp\/wp-content\/uploads\/2020\/03\/IMG_0373-845x634.jpg 845w, https:\/\/hp-psychotherapie-petra-beule.de\/wp\/wp-content\/uploads\/2020\/03\/IMG_0373-300x225.jpg 300w, https:\/\/hp-psychotherapie-petra-beule.de\/wp\/wp-content\/uploads\/2020\/03\/IMG_0373-768x576.jpg 768w, https:\/\/hp-psychotherapie-petra-beule.de\/wp\/wp-content\/uploads\/2020\/03\/IMG_0373-1536x1152.jpg 1536w, https:\/\/hp-psychotherapie-petra-beule.de\/wp\/wp-content\/uploads\/2020\/03\/IMG_0373-2048x1536.jpg 2048w\" sizes=\"auto, (max-width: 548px) 100vw, 548px\" \/><\/figure>\n\n\n\n<p>Ich kann Ihnen anbieten, eine gewisse Strecke neben Ihnen zu gehen, Sie zu begleiten,- ein paar Meter oder l\u00e4nger, -ganz wie Sie es m\u00f6chten oder brauchen.  GEHEN m\u00fcssen Sie Ihren ganz pers\u00f6nlichen Weg selber. <\/p>\n\n\n\n<figure class=\"wp-block-image size-large is-resized\"><img loading=\"lazy\" decoding=\"async\" src=\"https:\/\/hp-psychotherapie-petra-beule.de\/wp\/wp-content\/uploads\/2020\/03\/stairs-3614468-845x563.jpg\" alt=\"\" class=\"wp-image-219\" width=\"549\" height=\"366\" srcset=\"https:\/\/hp-psychotherapie-petra-beule.de\/wp\/wp-content\/uploads\/2020\/03\/stairs-3614468-845x563.jpg 845w, https:\/\/hp-psychotherapie-petra-beule.de\/wp\/wp-content\/uploads\/2020\/03\/stairs-3614468-300x200.jpg 300w, https:\/\/hp-psychotherapie-petra-beule.de\/wp\/wp-content\/uploads\/2020\/03\/stairs-3614468-768x512.jpg 768w\" sizes=\"auto, (max-width: 549px) 100vw, 549px\" \/><\/figure>\n\n\n\n<p>Man kann aus Steinen, die uns in den Weg gelegt werden, eine Mauer auft\u00fcrmen.<br>Man kann daraus aber auch eine Treppe bauen, auf der man Schritt f\u00fcr Schritt langsam nach oben steigt,- und damit auch einen anderen Blick, einen \u00dcBERblick bekommt.<\/p>\n","protected":false},"excerpt":{"rendered":"<p>Das Leben ist ein Weg ein Weg mit geraden und steilen Abschnitten ein Weg, mal leichter mal schwerer zu gehen ein Weg mit kleinen und gro\u00dfen Stolpersteinen. Manche der Steine liegen schon lange an dieser Stelle, vielleicht schon seit Generationen.Manche werden uns immer mal wieder in den Weg gelegt, manche legen wir selbst. Um den &hellip; <\/p>\n<p class=\"link-more\"><a href=\"https:\/\/hp-psychotherapie-petra-beule.de\/wp\/?page_id=45\" class=\"more-link\"><span class=\"screen-reader-text\">\u201eSteine\u201c <\/span>weiterlesen<\/a><\/p>\n","protected":false},"author":1,"featured_media":0,"parent":0,"menu_order":0,"comment_status":"closed","ping_status":"closed","template":"","meta":{"footnotes":""},"class_list":["post-45","page","type-page","status-publish","hentry"],"_links":{"self":[{"href":"https:\/\/hp-psychotherapie-petra-beule.de\/wp\/index.php?rest_route=\/wp\/v2\/pages\/45","targetHints":{"allow":["GET"]}}],"collection":[{"href":"https:\/\/hp-psychotherapie-petra-beule.de\/wp\/index.php?rest_route=\/wp\/v2\/pages"}],"about":[{"href":"https:\/\/hp-psychotherapie-petra-beule.de\/wp\/index.php?rest_route=\/wp\/v2\/types\/page"}],"author":[{"embeddable":true,"href":"https:\/\/hp-psychotherapie-petra-beule.de\/wp\/index.php?rest_route=\/wp\/v2\/users\/1"}],"replies":[{"embeddable":true,"href":"https:\/\/hp-psychotherapie-petra-beule.de\/wp\/index.php?rest_route=%2Fwp%2Fv2%2Fcomments&post=45"}],"version-history":[{"count":11,"href":"https:\/\/hp-psychotherapie-petra-beule.de\/wp\/index.php?rest_route=\/wp\/v2\/pages\/45\/revisions"}],"predecessor-version":[{"id":245,"href":"https:\/\/hp-psychotherapie-petra-beule.de\/wp\/index.php?rest_route=\/wp\/v2\/pages\/45\/revisions\/245"}],"wp:attachment":[{"href":"https:\/\/hp-psychotherapie-petra-beule.de\/wp\/index.php?rest_route=%2Fwp%2Fv2%2Fmedia&parent=45"}],"curies":[{"name":"wp","href":"https:\/\/api.w.org\/{rel}","templated":true}]}}