{"id":84,"date":"2020-03-21T14:17:52","date_gmt":"2020-03-21T13:17:52","guid":{"rendered":"https:\/\/hp-psychotherapie-petra-beule.de\/wp\/?page_id=84"},"modified":"2026-01-19T22:12:17","modified_gmt":"2026-01-19T21:12:17","slug":"kontakt","status":"publish","type":"page","link":"https:\/\/hp-psychotherapie-petra-beule.de\/wp\/?page_id=84","title":{"rendered":"Kontakt"},"content":{"rendered":"\n<p>Das Erstgespr\u00e4ch dient lediglich dem ersten Kennenlernen.<br>Wir schauen ob \u201edie gegenseitige Chemie\u201c stimmt und Sie entscheiden, ob ich Ihnen als Person des Vertrauens zusage.<br>Anschlie\u00dfend lerne ich Sie kennen, mache mir ein Bild Ihrer Probleme bzw. stelle eine Diagnose und m\u00f6chte Sie so begleiten, wie es individuell f\u00fcr Sie angemessen ist.<\/p>\n\n\n\n<p>Nicht jeder braucht eine \u201eTherapie\u201c. Oft l\u00f6st sich ein Knoten in auch wenigen Gespr\u00e4chen und der Blick geht nach vorne.<\/p>\n\n\n\n<p>Sie haben das Recht die Behandlung jederzeit zu beenden, ohne dass Ihnen weitere Kosten entstehen.<\/p>\n\n\n\n<p>Selbstverst\u00e4ndlich unterliege ich der unbedingten Schweigepflicht.<\/p>\n\n\n\n<p>Zur Terminabsprache des Erstgespr\u00e4chs schreiben Sie mir bitte eine Email, in der Sie mir kurz Ihr Anliegen schildern und Ihre Telefonnummer bzw. Ihre Erreichbarkeit mitteilen.<\/p>\n\n\n\n<p><a href=\"mailto:PBeule@online.de\">PBeule@online.de<\/a><\/p>\n\n\n\n<p><\/p>\n\n\n\n<p>Oder Sie rufen im Zentrum f\u00fcr Therapie und Gesundheit an, welches Ihre Anfrage an mich weiterleitet.<\/p>\n\n\n\n<p>Tel.: &nbsp;02723 \/ 688900<\/p>\n\n\n\n<p>Ich melde mich schnellstm\u00f6glich bei Ihnen.<\/p>\n\n\n\n<figure class=\"wp-block-image size-large\"><img loading=\"lazy\" decoding=\"async\" width=\"845\" height=\"634\" src=\"https:\/\/hp-psychotherapie-petra-beule.de\/wp\/wp-content\/uploads\/2020\/04\/IMG-20200411-WA0011-1-845x634.jpg\" alt=\"\" class=\"wp-image-255\" srcset=\"https:\/\/hp-psychotherapie-petra-beule.de\/wp\/wp-content\/uploads\/2020\/04\/IMG-20200411-WA0011-1-845x634.jpg 845w, https:\/\/hp-psychotherapie-petra-beule.de\/wp\/wp-content\/uploads\/2020\/04\/IMG-20200411-WA0011-1-300x225.jpg 300w, https:\/\/hp-psychotherapie-petra-beule.de\/wp\/wp-content\/uploads\/2020\/04\/IMG-20200411-WA0011-1-768x576.jpg 768w, https:\/\/hp-psychotherapie-petra-beule.de\/wp\/wp-content\/uploads\/2020\/04\/IMG-20200411-WA0011-1.jpg 1024w\" sizes=\"auto, (max-width: 767px) 89vw, (max-width: 1000px) 54vw, (max-width: 1071px) 543px, 580px\" \/><\/figure>\n\n\n\n<figure class=\"wp-block-image size-large\"><img loading=\"lazy\" decoding=\"async\" width=\"845\" height=\"634\" src=\"https:\/\/hp-psychotherapie-petra-beule.de\/wp\/wp-content\/uploads\/2020\/04\/IMG-20200411-WA0010-845x634.jpg\" alt=\"\" class=\"wp-image-256\" srcset=\"https:\/\/hp-psychotherapie-petra-beule.de\/wp\/wp-content\/uploads\/2020\/04\/IMG-20200411-WA0010-845x634.jpg 845w, https:\/\/hp-psychotherapie-petra-beule.de\/wp\/wp-content\/uploads\/2020\/04\/IMG-20200411-WA0010-300x225.jpg 300w, https:\/\/hp-psychotherapie-petra-beule.de\/wp\/wp-content\/uploads\/2020\/04\/IMG-20200411-WA0010-768x576.jpg 768w, https:\/\/hp-psychotherapie-petra-beule.de\/wp\/wp-content\/uploads\/2020\/04\/IMG-20200411-WA0010.jpg 1024w\" sizes=\"auto, (max-width: 767px) 89vw, (max-width: 1000px) 54vw, (max-width: 1071px) 543px, 580px\" \/><\/figure>\n\n\n\n<figure class=\"wp-block-image size-large\"><img loading=\"lazy\" decoding=\"async\" width=\"845\" height=\"634\" src=\"https:\/\/hp-psychotherapie-petra-beule.de\/wp\/wp-content\/uploads\/2020\/04\/IMG-20200411-WA0009-845x634.jpg\" alt=\"\" class=\"wp-image-257\" srcset=\"https:\/\/hp-psychotherapie-petra-beule.de\/wp\/wp-content\/uploads\/2020\/04\/IMG-20200411-WA0009-845x634.jpg 845w, https:\/\/hp-psychotherapie-petra-beule.de\/wp\/wp-content\/uploads\/2020\/04\/IMG-20200411-WA0009-300x225.jpg 300w, https:\/\/hp-psychotherapie-petra-beule.de\/wp\/wp-content\/uploads\/2020\/04\/IMG-20200411-WA0009-768x576.jpg 768w, https:\/\/hp-psychotherapie-petra-beule.de\/wp\/wp-content\/uploads\/2020\/04\/IMG-20200411-WA0009.jpg 1024w\" sizes=\"auto, (max-width: 767px) 89vw, (max-width: 1000px) 54vw, (max-width: 1071px) 543px, 580px\" \/><\/figure>\n","protected":false},"excerpt":{"rendered":"<p>Das Erstgespr\u00e4ch dient lediglich dem ersten Kennenlernen.Wir schauen ob \u201edie gegenseitige Chemie\u201c stimmt und Sie entscheiden, ob ich Ihnen als Person des Vertrauens zusage.Anschlie\u00dfend lerne ich Sie kennen, mache mir ein Bild Ihrer Probleme bzw. stelle eine Diagnose und m\u00f6chte Sie so begleiten, wie es individuell f\u00fcr Sie angemessen ist. Nicht jeder braucht eine \u201eTherapie\u201c. &hellip; <\/p>\n<p class=\"link-more\"><a href=\"https:\/\/hp-psychotherapie-petra-beule.de\/wp\/?page_id=84\" class=\"more-link\"><span class=\"screen-reader-text\">\u201eKontakt\u201c <\/span>weiterlesen<\/a><\/p>\n","protected":false},"author":1,"featured_media":0,"parent":0,"menu_order":0,"comment_status":"closed","ping_status":"closed","template":"","meta":{"footnotes":""},"class_list":["post-84","page","type-page","status-publish","hentry"],"_links":{"self":[{"href":"https:\/\/hp-psychotherapie-petra-beule.de\/wp\/index.php?rest_route=\/wp\/v2\/pages\/84","targetHints":{"allow":["GET"]}}],"collection":[{"href":"https:\/\/hp-psychotherapie-petra-beule.de\/wp\/index.php?rest_route=\/wp\/v2\/pages"}],"about":[{"href":"https:\/\/hp-psychotherapie-petra-beule.de\/wp\/index.php?rest_route=\/wp\/v2\/types\/page"}],"author":[{"embeddable":true,"href":"https:\/\/hp-psychotherapie-petra-beule.de\/wp\/index.php?rest_route=\/wp\/v2\/users\/1"}],"replies":[{"embeddable":true,"href":"https:\/\/hp-psychotherapie-petra-beule.de\/wp\/index.php?rest_route=%2Fwp%2Fv2%2Fcomments&post=84"}],"version-history":[{"count":7,"href":"https:\/\/hp-psychotherapie-petra-beule.de\/wp\/index.php?rest_route=\/wp\/v2\/pages\/84\/revisions"}],"predecessor-version":[{"id":304,"href":"https:\/\/hp-psychotherapie-petra-beule.de\/wp\/index.php?rest_route=\/wp\/v2\/pages\/84\/revisions\/304"}],"wp:attachment":[{"href":"https:\/\/hp-psychotherapie-petra-beule.de\/wp\/index.php?rest_route=%2Fwp%2Fv2%2Fmedia&parent=84"}],"curies":[{"name":"wp","href":"https:\/\/api.w.org\/{rel}","templated":true}]}}